{"id":2279,"date":"2014-10-24T19:44:16","date_gmt":"2014-10-24T17:44:16","guid":{"rendered":"http:\/\/www.oda.co.at\/home\/?page_id=2279"},"modified":"2022-01-12T16:38:23","modified_gmt":"2022-01-12T15:38:23","slug":"fuhrparkfolierung","status":"publish","type":"page","link":"https:\/\/www.oda.co.at\/home\/werbetechnik\/fuhrparkfolierung\/","title":{"rendered":"Fuhrparkfolierung"},"content":{"rendered":"<p>Einheitliche Fuhrparkfolierung gew\u00e4hrleistet Ihrer Firma den perfekten Auftritt.<\/p>\n<p>Wir gestalten Ihren Fuhrpark mit Klebetext oder bedruckter Folie, in jeder Gr\u00f6\u00dfe, Form und St\u00fcckzahl.<\/p>\n<p>Auch Vollverklebungen werden f\u00fcr Firmenkunden immer interessanter. Besonders bei Leasingfahrzeugen ist die Vollverklebung sinnvoll. Die Folierung erweckt einen professionellen Eindruck, sch\u00fctzt den Originallack des Fahrzeugs und l\u00e4sst sich auch nach Jahren r\u00fcckstandlos entfernen.<\/p>\n<p>Lassen Sie sich gerne inspirieren.<\/p>\n","protected":false},"excerpt":{"rendered":"<p>Einheitliche Fuhrparkfolierung gew\u00e4hrleistet Ihrer Firma den perfekten Auftritt. Wir gestalten Ihren Fuhrpark mit Klebetext oder bedruckter Folie, in jeder Gr\u00f6\u00dfe, Form und St\u00fcckzahl. Auch Vollverklebungen werden f\u00fcr Firmenkunden immer interessanter. Besonders bei Leasingfahrzeugen ist die Vollverklebung sinnvoll. Die Folierung erweckt einen professionellen Eindruck, sch\u00fctzt den Originallack des Fahrzeugs und l\u00e4sst sich auch nach Jahren r\u00fcckstandlos [&hellip;]<\/p>\n","protected":false},"author":3,"featured_media":3045,"parent":2382,"menu_order":2,"comment_status":"closed","ping_status":"closed","template":"g1_template_page_nav_left.php","meta":{"footnotes":""},"_links":{"self":[{"href":"https:\/\/www.oda.co.at\/home\/wp-json\/wp\/v2\/pages\/2279"}],"collection":[{"href":"https:\/\/www.oda.co.at\/home\/wp-json\/wp\/v2\/pages"}],"about":[{"href":"https:\/\/www.oda.co.at\/home\/wp-json\/wp\/v2\/types\/page"}],"author":[{"embeddable":true,"href":"https:\/\/www.oda.co.at\/home\/wp-json\/wp\/v2\/users\/3"}],"replies":[{"embeddable":true,"href":"https:\/\/www.oda.co.at\/home\/wp-json\/wp\/v2\/comments?post=2279"}],"version-history":[{"count":9,"href":"https:\/\/www.oda.co.at\/home\/wp-json\/wp\/v2\/pages\/2279\/revisions"}],"predecessor-version":[{"id":2933,"href":"https:\/\/www.oda.co.at\/home\/wp-json\/wp\/v2\/pages\/2279\/revisions\/2933"}],"up":[{"embeddable":true,"href":"https:\/\/www.oda.co.at\/home\/wp-json\/wp\/v2\/pages\/2382"}],"wp:featuredmedia":[{"embeddable":true,"href":"https:\/\/www.oda.co.at\/home\/wp-json\/wp\/v2\/media\/3045"}],"wp:attachment":[{"href":"https:\/\/www.oda.co.at\/home\/wp-json\/wp\/v2\/media?parent=2279"}],"curies":[{"name":"wp","href":"https:\/\/api.w.org\/{rel}","templated":true}]}}