{"id":2429,"date":"2014-10-25T18:48:24","date_gmt":"2014-10-25T16:48:24","guid":{"rendered":"http:\/\/www.oda.co.at\/home\/?page_id=2429"},"modified":"2022-01-12T16:20:59","modified_gmt":"2022-01-12T15:20:59","slug":"service","status":"publish","type":"page","link":"https:\/\/www.oda.co.at\/home\/service\/","title":{"rendered":"Service"},"content":{"rendered":"<ul class=\"g1-grid\"><li class=\"g1-column g1-one-half g1-valign-top\">\n<\/li><!-- -->\n<li class=\"g1-column g1-one-half g1-valign-top\">\n<\/li><!-- --><\/ul>\n<h3>Beratung<\/h3>\n<h5 style=\"color: #fb4000;\">jederzeit und gerne<\/h5>\n<p>Mit einer Vielfalt an innovativen M\u00f6glichkeiten und der richtigen Beratung legen wir den Grundstein f\u00fcr eine gute Zusammenarbeit und die beste L\u00f6sung.<\/p>\n<div id=\"g1-divider-1\" class=\"g1-divider g1-divider--simple g1-divider--noicon \"><\/div>\n<h3>Planung<\/h3>\n<h5 style=\"color: #fb4000;\">nach Ihrem Wunsch<\/h5>\n<p>Vom ersten Kontakt, bis zur Montage des Produktes erledigen wir alle notwendigen Schritte f\u00fcr die perfekte Abwicklung aus einer Hand.<\/p>\n<div id=\"g1-divider-2\" class=\"g1-divider g1-divider--simple g1-divider--noicon \"><\/div>\n<h3>Grafikerstellung<\/h3>\n<h5 style=\"color: #fb4000;\">von 2D-Vorschau bis hin zu professionellen 3D-Animationen<\/h5>\n<p>Mit modernster Computertechnologien und umfassenden Grafikkenntnissen legen wir mit kreativen L\u00f6sungen die Bahnen f\u00fcr die Umsetzung Ihrer Ideen und W\u00fcnsche.<\/p>\n<div id=\"g1-divider-3\" class=\"g1-divider g1-divider--simple g1-divider--noicon \"><\/div>\n<h3>Produktion<\/h3>\n<h5 style=\"color: #fb4000;\">bei uns im Haus<\/h5>\n<p>Durch zahlreiche Investitionen in die neuesten Digitaldrucker, modernste Schneideplotter und Laminator k\u00f6nnen wir die Vorteile dieser Drucktechnik und dessen vielseitigen Einsatz optimal nutzen und unseren Kunden anbieten.<\/p>\n<p>Durch Produktion direkt bei uns im Haus haben wir die optimale Kontrolle \u00fcber unserer Produkte und k\u00f6nnen Ihnen so beste Qualit\u00e4t garantieren.<\/p>\n<ul>\n<li>flexible Lieferzeiten<\/li>\n<li>optimales Druckergebnis<\/li>\n<li>schnelle und unkomplizierte Abwicklung<\/li>\n<\/ul>\n<div id=\"g1-divider-4\" class=\"g1-divider g1-divider--simple g1-divider--noicon \"><\/div>\n<h3>Montage<\/h3>\n<h5 style=\"color: #fb4000;\">mit Garantie<\/h5>\n<p>Unsere eingespielten Montage-Profis sind \u00f6sterreichweit eingesetzt.<br \/>\nMit entsprechenden Hubhilfen platzieren wir Ihre Werbebotschaft an nahezu allen Stellen.<\/p>\n","protected":false},"excerpt":{"rendered":"<p>Beratung jederzeit und gerne Mit einer Vielfalt an innovativen M\u00f6glichkeiten und der richtigen Beratung legen wir den Grundstein f\u00fcr eine gute Zusammenarbeit und die beste L\u00f6sung. Planung nach Ihrem Wunsch Vom ersten Kontakt, bis zur Montage des Produktes erledigen wir alle notwendigen Schritte f\u00fcr die perfekte Abwicklung aus einer Hand. Grafikerstellung von 2D-Vorschau bis hin [&hellip;]<\/p>\n","protected":false},"author":3,"featured_media":2844,"parent":0,"menu_order":0,"comment_status":"closed","ping_status":"closed","template":"","meta":{"footnotes":""},"_links":{"self":[{"href":"https:\/\/www.oda.co.at\/home\/wp-json\/wp\/v2\/pages\/2429"}],"collection":[{"href":"https:\/\/www.oda.co.at\/home\/wp-json\/wp\/v2\/pages"}],"about":[{"href":"https:\/\/www.oda.co.at\/home\/wp-json\/wp\/v2\/types\/page"}],"author":[{"embeddable":true,"href":"https:\/\/www.oda.co.at\/home\/wp-json\/wp\/v2\/users\/3"}],"replies":[{"embeddable":true,"href":"https:\/\/www.oda.co.at\/home\/wp-json\/wp\/v2\/comments?post=2429"}],"version-history":[{"count":55,"href":"https:\/\/www.oda.co.at\/home\/wp-json\/wp\/v2\/pages\/2429\/revisions"}],"predecessor-version":[{"id":2848,"href":"https:\/\/www.oda.co.at\/home\/wp-json\/wp\/v2\/pages\/2429\/revisions\/2848"}],"wp:featuredmedia":[{"embeddable":true,"href":"https:\/\/www.oda.co.at\/home\/wp-json\/wp\/v2\/media\/2844"}],"wp:attachment":[{"href":"https:\/\/www.oda.co.at\/home\/wp-json\/wp\/v2\/media?parent=2429"}],"curies":[{"name":"wp","href":"https:\/\/api.w.org\/{rel}","templated":true}]}}