{"id":2487,"date":"2014-10-27T21:53:05","date_gmt":"2014-10-27T20:53:05","guid":{"rendered":"http:\/\/www.oda.co.at\/home\/?page_id=2487"},"modified":"2022-01-12T16:36:07","modified_gmt":"2022-01-12T15:36:07","slug":"sonnenschutzfolierung","status":"publish","type":"page","link":"https:\/\/www.oda.co.at\/home\/folientechnik\/sonnenschutzfolierung\/","title":{"rendered":"Sonnenschutzfolierung"},"content":{"rendered":"<p>Sonnenschutzfolien k\u00f6nnen auf jede Art von Glas angebracht werden und isolieren und reflektieren die W\u00e4rmestrahlen.<\/p>\n<ul>\n<li>Reduktion der W\u00e4rme im B\u00fcro bis zu 80%<\/li>\n<li>Blendreduzierung f\u00fcr bessere Sicht an EDV-Arbeitspl\u00e4tzen<\/li>\n<li>Kostenreduzierung f\u00fcr Klimatisierung<\/li>\n<li>Fast vollst\u00e4ndige Absorption der UV-Strahlen 99%<\/li>\n<\/ul>\n","protected":false},"excerpt":{"rendered":"<p>Sonnenschutzfolien k\u00f6nnen auf jede Art von Glas angebracht werden und isolieren und reflektieren die W\u00e4rmestrahlen. Reduktion der W\u00e4rme im B\u00fcro bis zu 80% Blendreduzierung f\u00fcr bessere Sicht an EDV-Arbeitspl\u00e4tzen Kostenreduzierung f\u00fcr Klimatisierung Fast vollst\u00e4ndige Absorption der UV-Strahlen 99%<\/p>\n","protected":false},"author":3,"featured_media":2839,"parent":2566,"menu_order":2,"comment_status":"closed","ping_status":"closed","template":"g1_template_page_nav_left.php","meta":{"footnotes":""},"_links":{"self":[{"href":"https:\/\/www.oda.co.at\/home\/wp-json\/wp\/v2\/pages\/2487"}],"collection":[{"href":"https:\/\/www.oda.co.at\/home\/wp-json\/wp\/v2\/pages"}],"about":[{"href":"https:\/\/www.oda.co.at\/home\/wp-json\/wp\/v2\/types\/page"}],"author":[{"embeddable":true,"href":"https:\/\/www.oda.co.at\/home\/wp-json\/wp\/v2\/users\/3"}],"replies":[{"embeddable":true,"href":"https:\/\/www.oda.co.at\/home\/wp-json\/wp\/v2\/comments?post=2487"}],"version-history":[{"count":2,"href":"https:\/\/www.oda.co.at\/home\/wp-json\/wp\/v2\/pages\/2487\/revisions"}],"predecessor-version":[{"id":2570,"href":"https:\/\/www.oda.co.at\/home\/wp-json\/wp\/v2\/pages\/2487\/revisions\/2570"}],"up":[{"embeddable":true,"href":"https:\/\/www.oda.co.at\/home\/wp-json\/wp\/v2\/pages\/2566"}],"wp:featuredmedia":[{"embeddable":true,"href":"https:\/\/www.oda.co.at\/home\/wp-json\/wp\/v2\/media\/2839"}],"wp:attachment":[{"href":"https:\/\/www.oda.co.at\/home\/wp-json\/wp\/v2\/media?parent=2487"}],"curies":[{"name":"wp","href":"https:\/\/api.w.org\/{rel}","templated":true}]}}