{"id":2508,"date":"2014-10-30T18:29:36","date_gmt":"2014-10-30T17:29:36","guid":{"rendered":"http:\/\/www.oda.co.at\/home\/?page_id=2508"},"modified":"2018-03-20T15:11:33","modified_gmt":"2018-03-20T14:11:33","slug":"impressum","status":"publish","type":"page","link":"https:\/\/www.oda.co.at\/home\/impressum\/","title":{"rendered":"Impressum"},"content":{"rendered":"<div id=\"g1-divider-1\" class=\"g1-divider g1-divider--none g1-divider--icon \"><span><i class=\"icon-info\"><\/i><\/span><\/div>\n<p><strong style=\"font-size: 16pt;\">ODA Werbe- &amp; Folientechnik e.U.<\/strong><br \/>\nFriedrich-Ganglberger-Stra\u00dfe 1-3<br \/>\n<span style=\"font-size: 10pt;\">A-2514 Traiskirchen<\/span><\/p>\n<p><span style=\"font-size: 8pt;\">Telefon\/Fax: +43 2252 26 60 350<\/span><br \/>\n<span style=\"font-size: 8pt;\">E-Mail: office@folie-oda.at<\/span><\/p>\n<p><span style=\"font-size: 8pt;\">Firmenbuchnummer: FN347359y<\/span><br \/>\n<span style=\"font-size: 8pt;\">Firmenbuchgericht: Handelsgericht Wiener Neustadt<\/span><br \/>\n<span style=\"font-size: 8pt;\">UID: ATU66114714<\/span><br \/>\n<span style=\"font-size: 8pt;\">Inhaber: Herr Odabasi<\/span><\/p>\n<div id=\"g1-divider-2\" class=\"g1-divider g1-divider--none g1-divider--icon \"><span><i class=\"icon-paper-clip\"><\/i><\/span><\/div>\n<h4 style=\"color: #fb4000;\">Urheberrecht<\/h4>\n<p><span style=\"font-size: 8pt;\">Die Inhalte (Texte und Bilder) dieser Seiten sind urheberrechtlich gesch\u00fctzt.<br \/>\nDie Informationen sind nur f\u00fcr die pers\u00f6nliche Verwendung bestimmt.<br \/>\nJede den Bestimmungen des Urheberrechtsgesetzes widersprechende Verwendung jeglicher Inhalte dieser Webseiten \u2013 insbesondere die weitergehende Nutzung wie beispielsweise die Ver\u00f6ffentlichung, Vervielf\u00e4ltigung und jede Form von gewerblicher Nutzung sowie die Weitergabe an Dritte \u2013 auch in Teilen oder in \u00fcberarbeiteter Form \u2013 ohne ausdr\u00fcckliche vorherige Zustimmung des Urhebers\/Verfassers ist untersagt.<\/span><\/p>\n<h4 style=\"color: #fb4000;\">Haftungsausschluss<\/h4>\n<p><span style=\"font-size: 8pt;\">Der Autor bzw. Betreiber dieser Webseite ist bestrebt, die darin angebotenen Informationen nach bestem Wissen und Gewissen aktuell, vollst\u00e4ndig und richtig darzustellen und aktuell zu halten. Dennoch wird jegliche Haftung f\u00fcr Sch\u00e4den und sonstige, wie auch immer geartete Nachteile ausgeschlossen, die sich aus der Nutzung (oder Nichtnutzung) der angebotenen Informationen ergeben k\u00f6nnen \u2013 dies auch insbesondere dann, wenn diese Sch\u00e4den\/Nachteile auf die Nutzung von allenfalls nicht aktuellen, unvollst\u00e4ndigen bzw. fehlerhaften Informationen zur\u00fcckzuf\u00fchren sind. Dies gilt dann nicht, wenn seitens des Autors bzw. Betreibers ein vors\u00e4tzliches oder krass grob fahrl\u00e4ssiges Verhalten vorliegt.<\/span><br \/>\n<span style=\"font-size: 8pt;\">Verweise auf fremde Webseiten (Links, Hyperlinks) liegen au\u00dferhalb des Verantwortungsbereiches des Autors und Betreibers.<\/span><br \/>\n<span style=\"font-size: 8pt;\">F\u00fcr Inhalte externer Internetseiten wird demgem\u00e4\u00df keine, wie immer geartete Verantwortung bzw. Haftung \u00fcbernommen; insbesondere wird jede Haftung f\u00fcr deren Aussagen, Gestaltung und Inhalte ausgeschlossen, zumal kein Einfluss auf Inhalte und Gestaltung von gelinkten Seiten besteht. F\u00fcr Inhalte von Seiten, auf welche von Seiten dieser Webseiten verwiesen wird, haftet somit allein der Anbieter dieser fremden Webseiten \u2013 niemals jedoch derjenige, der durch einen Link auf fremde Publikationen und Inhalte verweist. Sollten gelinkte Seiten (insbesondere durch Ver\u00e4nderung der Inhalte nach dem Setzen des Links) illegale, fehlerhafte, unvollst\u00e4ndige, beleidigende oder sittenwidrige Informationen beinhalten und gelangen derartige Inhalte von gelinkten Seiten zur Kenntnis, so wird der Link auf derartige Seiten unverz\u00fcglich unterbunden.<\/span><br \/>\n<span style=\"font-size: 8pt;\">Zudem wird keine wie immer geartete Haftung und Verantwortung f\u00fcr fremde Websiten \u00fcbernommen, von denen durch Hyperlinks auf unsere Website verwiesen wird.<\/span><br \/>\n<span style=\"font-size: 8pt;\">Eine laufende Kontrolle von Seiten, zu denen man durch Hyperlinks gelangen kann oder von denen durch Hyperlinks auf unsere Website verwiesen wird, erfolgt nicht.<\/span><br \/>\n<span style=\"font-size: 8pt;\">Wir machen uns den Inhalt von Seiten, zu denen man von unserer Website durch Hyperlinks gelangen kann oder von denen durch Hyperlinks auf unsere Website verwiesen wird, auch nicht zu eigen.<\/span><\/p>\n<h4 style=\"color: #fb4000;\">Informationsinhalt<\/h4>\n<p><span style=\"font-size: 8pt;\">Die Informationen dieser Webseiten k\u00f6nnen ohne vorherige Ank\u00fcndigung ge\u00e4ndert, entfernt oder erg\u00e4nzt werden.<br \/>\nEs wird daher keine Haftung f\u00fcr die Korrektheit, Vollst\u00e4ndigkeit, Qualit\u00e4t oder Aktualit\u00e4t der bereitgestellten Informationen gegeben.<\/span><\/p>\n<h4 style=\"color: #fb4000;\">Nutzungsbedingungen<\/h4>\n<p><span style=\"font-size: 8pt;\">Durch Nutzung dieser Webseiten unterliegt der Nutzer den gegenst\u00e4ndlichen Nutzungsbedingungen.<br \/>\nDiese sind Teil des WWW-Angebotes.<br \/>\nSofern Teile oder einzelne Formulierungen der Nutzungsbedingungen der geltenden Rechtslage nicht, nicht mehr oder nicht vollst\u00e4ndig entsprechen sollten, bleiben die \u00fcbrigen Teile der Nutzungsbedingungen in ihrem Inhalt und ihrer G\u00fcltigkeit davon unber\u00fchrt.<\/span><\/p>\n<h4 style=\"color: #fb4000;\">Nutzung unserer Daten<\/h4>\n<p><span style=\"font-size: 8pt;\">Der Nutzung von im Rahmen der Impressums- bzw. Offenlegungs- und Informationspflicht ver\u00f6ffentlichten Kontaktdaten durch Dritte zur \u00dcbersendung von nicht ausdr\u00fccklich angeforderter Werbung und Informationsmaterialien wird hiermit ausdr\u00fccklich widersprochen. Die Einleitung rechtlicher Schritte im Falle der unverlangten Zusendung von Werbeinformationen, etwa durch Spam-Mails etc. bleibt vorbehalten.<\/span><br \/>\n<span style=\"font-size: 8pt;\">Der Besuch unserer Website ist grunds\u00e4tzlich ohne Angabe personenbezogener Daten m\u00f6glich. Es werden lediglich die von Ihrem Internet-Provider mitgeteilten Angaben erhoben (v.a. die Ihnen zugewiesene IP-Adresse). Diese Informationen werden von uns lediglich f\u00fcr die Dauer des Website-Besuchs gespeichert; eine Auswertung erfolgt lediglich zu statistischen Zwecken, wobei der einzelne Nutzer anonym bleibt.<\/span><br \/>\n<span style=\"font-size: 8pt;\">Um Ihnen eine bessere Nutzung unserer Website zu erm\u00f6glichen, setzen wir die als \u201eCookies\u201c bekannten kleinen Textdateien ein, um Pr\u00e4ferenzen der Nutzer zu verfolgen und unsere Website entsprechend optimal gestalten zu k\u00f6nnen. Cookies werden heute von den meisten Websites routinem\u00e4\u00dfig eingesetzt. Sollten Sie in dieser Hinsicht jedoch Bedenken haben, k\u00f6nnen Sie Ihren Browser auch so einstellen, dass er keine Cookies akzeptiert.<\/span><br \/>\n<span style=\"font-size: 8pt;\">Dar\u00fcber hinaus erheben wir nur solche personenbezogenen Daten, die vom Website-Besucher explizit und freiwillig eingegeben werden. Eine solche Eingabe kann z. B. erfolgen, wenn ein Besucher sich f\u00fcr bestimmte Bereiche der Website registrieren lassen oder einen Newsletter abonnieren. Derartige Informationen werden von uns ausschlie\u00dflich zum entsprechenden Zweck und unter Beachtung der geltenden gesetzlichen Bestimmungen genutzt; eine weitergehende Nutzung erfolgt nur mit Ihrer Einwilligung. Der Einwilligung zur Nutzung Ihrer Daten k\u00f6nnen Sie jederzeit widersprechen.<\/span><br \/>\n<span style=\"font-size: 8pt;\">Wir teilen Dritten keinerlei personenbezogenen Daten mit, sofern dies nicht gesetzlich erlaubt ist oder vom Betroffenen selbst ausdr\u00fccklich gew\u00fcnscht wird. Uns ist der Wert Ihrer pers\u00f6nlichen Angaben bewusst. Wir ergreifen deshalb alle gesetzlich vorgeschriebene Ma\u00dfnahmen zum Schutz der uns anvertrauten personenbezogenen Daten.<\/span><br \/>\n<span style=\"font-size: 8pt;\">Bei der Verarbeitung personenbezogener Daten beachten wir selbstverst\u00e4ndlich die jeweils geltenden gesetzlichen Bestimmungen, insbesondere des Datenschutzgesetzes (DSG).<\/span><\/p>\n<h4 style=\"color: #fb4000;\">Google Analytics: Datenschutz und Widerspruchsm\u00f6glichkeit<\/h4>\n<p><span style=\"font-size: 8pt;\">Diese Website benutzt Google Analytics, einen Webanalysedienst der Google Inc. (\u201eGoogle\u201c).<br \/>\nGoogle Analytics verwendet sog. \u201eCookies\u201c, Textdateien, die auf Ihrem Computer gespeichert werden und die eine Analyse der Benutzung der Website durch Sie erm\u00f6glichen.<\/span><br \/>\n<span style=\"font-size: 8pt;\">Die durch den Cookie erzeugten Informationen \u00fcber Ihre Benutzung dieser Website werden in der Regel an einen Server von Google in den USA \u00fcbertragen und dort gespeichert. Im Falle der Aktivierung der IP-Anonymisierung auf dieser Webseite, wird Ihre IP-Adresse von Google jedoch innerhalb von Mitgliedstaaten der Europ\u00e4ischen Union oder in anderen Vertragsstaaten des Abkommens \u00fcber den Europ\u00e4ischen Wirtschaftsraum zuvor gek\u00fcrzt. Nur in Ausnahmef\u00e4llen wird die volle IP-Adresse an einen Server von Google in den USA \u00fcbertragen und dort gek\u00fcrzt. Im Auftrag des Betreibers dieser Website wird Google diese Informationen benutzen, um Ihre Nutzung der Website auszuwerten, um Reports \u00fcber die Websiteaktivit\u00e4ten zusammenzustellen und um weitere mit der Websitenutzung und der Internetnutzung verbundene Dienstleistungen gegen\u00fcber dem Websitebetreiber zu erbringen.<\/span><br \/>\n<span style=\"font-size: 8pt;\">Die im Rahmen von Google Analytics von Ihrem Browser \u00fcbermittelte IP-Adresse wird nicht mit anderen Daten von Google zusammengef\u00fchrt. Sie k\u00f6nnen die Speicherung der Cookies durch eine entsprechende Einstellung Ihrer Browser-Software verhindern; wir weisen Sie jedoch darauf hin, dass Sie in diesem Fall gegebenenfalls nicht s\u00e4mtliche Funktionen dieser Website vollumf\u00e4nglich werden nutzen k\u00f6nnen. Sie k\u00f6nnen dar\u00fcber hinaus die Erfassung der durch das Cookie erzeugten und auf Ihre Nutzung der Website bezogenen Daten (inkl. Ihrer IP-Adresse) an Google sowie die Verarbeitung dieser Daten durch Google verhindern, indem sie das unter dem folgenden Link verf\u00fcgbare Browser-Plugin herunterladen und installieren: <a title=\"Browser-Add-on zur Deaktivierung von Google Analytics\" href=\"https:\/\/tools.google.com\/dlpage\/gaoptout?hl=de\" target=\"_blank\" rel=\"noopener\">Browser-Add-on zur Deaktivierung von Google Analytics<\/a><\/span><br \/>\n<span style=\"font-size: 8pt;\">Allgemeine Informationen zu Google Analytics und Datenschutz finden Sie im <a title=\"Datenschutz-Center von Google\" href=\"http:\/\/www.google.com\/intl\/de\/policies\/\" target=\"_blank\" rel=\"noopener\">Datenschutz-Center von Google<\/a>. Diese Website wurde um die Funktion gat._anonymizeIp(); erweitert um eine anonymisierte Erfassung von IP-Adressen (sog. IP-Masking) zu gew\u00e4hrleisten.<\/span><\/p>\n<div id=\"g1-divider-3\" class=\"g1-divider g1-divider--none g1-divider--icon \"><span><i class=\"icon-info\"><\/i><\/span><\/div>\n<div align=\"center\"><a href=\"https:\/\/www.checkdomain.de\/unternehmen\/garantie\/popup\/\" target=\"_blank\" rel=\"noopener\"><img decoding=\"async\" src=\"https:\/\/cdn.checkdomain.de\/img\/business\/guarantee\/eco-100x100.png\" alt=\"Server verwendet 100% \u00d6kostom\" \/><\/a> \u00a0 <a href=\"https:\/\/www.checkdomain.de\/unternehmen\/garantie\/popup\/\" target=\"_blank\" rel=\"noopener\"><img decoding=\"async\" src=\"https:\/\/cdn.checkdomain.de\/img\/business\/guarantee\/server-100x100.png\" alt=\"Serverstandort in Deutschland\" \/><\/a><\/div>\n","protected":false},"excerpt":{"rendered":"<p>ODA Werbe- &amp; Folientechnik e.U. Friedrich-Ganglberger-Stra\u00dfe 1-3 A-2514 Traiskirchen Telefon\/Fax: +43 2252 26 60 350 E-Mail: office@folie-oda.at Firmenbuchnummer: FN347359y Firmenbuchgericht: Handelsgericht Wiener Neustadt UID: ATU66114714 Inhaber: Herr Odabasi Urheberrecht Die Inhalte (Texte und Bilder) dieser Seiten sind urheberrechtlich gesch\u00fctzt. Die Informationen sind nur f\u00fcr die pers\u00f6nliche Verwendung bestimmt. Jede den Bestimmungen des Urheberrechtsgesetzes widersprechende Verwendung [&hellip;]<\/p>\n","protected":false},"author":3,"featured_media":2543,"parent":0,"menu_order":0,"comment_status":"closed","ping_status":"closed","template":"","meta":{"footnotes":""},"_links":{"self":[{"href":"https:\/\/www.oda.co.at\/home\/wp-json\/wp\/v2\/pages\/2508"}],"collection":[{"href":"https:\/\/www.oda.co.at\/home\/wp-json\/wp\/v2\/pages"}],"about":[{"href":"https:\/\/www.oda.co.at\/home\/wp-json\/wp\/v2\/types\/page"}],"author":[{"embeddable":true,"href":"https:\/\/www.oda.co.at\/home\/wp-json\/wp\/v2\/users\/3"}],"replies":[{"embeddable":true,"href":"https:\/\/www.oda.co.at\/home\/wp-json\/wp\/v2\/comments?post=2508"}],"version-history":[{"count":37,"href":"https:\/\/www.oda.co.at\/home\/wp-json\/wp\/v2\/pages\/2508\/revisions"}],"predecessor-version":[{"id":3324,"href":"https:\/\/www.oda.co.at\/home\/wp-json\/wp\/v2\/pages\/2508\/revisions\/3324"}],"wp:featuredmedia":[{"embeddable":true,"href":"https:\/\/www.oda.co.at\/home\/wp-json\/wp\/v2\/media\/2543"}],"wp:attachment":[{"href":"https:\/\/www.oda.co.at\/home\/wp-json\/wp\/v2\/media?parent=2508"}],"curies":[{"name":"wp","href":"https:\/\/api.w.org\/{rel}","templated":true}]}}