{"id":2577,"date":"2014-10-30T22:15:42","date_gmt":"2014-10-30T21:15:42","guid":{"rendered":"http:\/\/www.oda.co.at\/home\/?page_id=2577"},"modified":"2022-01-12T16:34:09","modified_gmt":"2022-01-12T15:34:09","slug":"teilverklebung","status":"publish","type":"page","link":"https:\/\/www.oda.co.at\/home\/folientechnik\/teilverklebung\/","title":{"rendered":"Teilverklebung"},"content":{"rendered":"<p>Schon kleine Details reichen, um aus einem Serienmodell ein anspruchsvolles Designobjekt zu machen.<\/p>\n<p>Verpassen Sie Ihrem Fahrzeug mit einer Teilverklebung das gewisse Etwas. Sie k\u00f6nnen zum Beispiel einen Two-Tone-Look durch die Erg\u00e4nzung einer zweiten Farbe erreichen. Auch andere Teile Ihres Autos lassen sich mit einer Teilfolierung attraktiv hervorheben, zum Beispiel das Dach, der Tankdeckel, die Motorhaube oder die Spiegelkappen.<\/p>\n<ul class=\"g1-grid\"><li class=\"g1-column g1-one-third g1-valign-top\" data-g1-delay=\"on\">\n<style type=\"text\/css\" scoped=\"scoped\">#numbers-counter-1 .g1-numbers__title { color:#fb4000; }#numbers-counter-1 .g1-numbers__description { color:#fb4000; }<\/style><div id=\"numbers-counter-1\" class=\"g1-numbers g1-numbers--medium  g1-numbers--noicon\" data-g1-start=\"0\" data-g1-stop=\"10\"><div class=\"g1-numbers__title\">bis zu <span>10<\/span><\/div><div class=\"g1-numbers__description\">\n<p>Jahre Haltbarkeit<\/p>\n<\/div><\/div>\n<\/li><!-- -->\n<li class=\"g1-column g1-one-third g1-valign-top\" data-g1-delay=\"on\">\n<style type=\"text\/css\" scoped=\"scoped\">#numbers-counter-2 .g1-numbers__title { color:#fb4000; }#numbers-counter-2 .g1-numbers__description { color:#fb4000; }<\/style><div id=\"numbers-counter-2\" class=\"g1-numbers g1-numbers--medium  g1-numbers--noicon\" data-g1-start=\"0\" data-g1-stop=\"8000\"><div class=\"g1-numbers__title\">&gt;<span>8000<\/span><\/div><div class=\"g1-numbers__description\">\n<p>Teilverklebungen<\/p>\n<\/div><\/div>\n<\/li><!-- -->\n<li class=\"g1-column g1-one-third g1-valign-top\" data-g1-delay=\"on\">\n<style type=\"text\/css\" scoped=\"scoped\">#numbers-counter-3 .g1-numbers__title { color:#fb4000; }#numbers-counter-3 .g1-numbers__description { color:#fb4000; }<\/style><div id=\"numbers-counter-3\" class=\"g1-numbers g1-numbers--medium  g1-numbers--noicon\" data-g1-start=\"0\" data-g1-stop=\"100\"><div class=\"g1-numbers__title\"><span>100<\/span>%<\/div><div class=\"g1-numbers__description\">\n<p>Qualit\u00e4tsfolien<\/p>\n<\/div><\/div>\n<\/li><!-- --><\/ul>\n<p><img loading=\"lazy\" decoding=\"async\" class=\"size-full wp-image-2609 alignright\" src=\"http:\/\/www.oda.co.at\/home\/wp-content\/uploads\/2014\/10\/marken.png\" alt=\"marken\" width=\"359\" height=\"25\" srcset=\"https:\/\/www.oda.co.at\/home\/wp-content\/uploads\/2014\/10\/marken.png 359w, https:\/\/www.oda.co.at\/home\/wp-content\/uploads\/2014\/10\/marken-256x17.png 256w, https:\/\/www.oda.co.at\/home\/wp-content\/uploads\/2014\/10\/marken-320x22.png 320w, https:\/\/www.oda.co.at\/home\/wp-content\/uploads\/2014\/10\/marken-239x16.png 239w\" sizes=\"(max-width: 359px) 100vw, 359px\" \/><\/p>\n<p>&nbsp;<\/p>\n<div id=\"g1-message-1\" class=\"g1-message g1-message--warning \" ><div class=\"g1-inner\">\n<p>Nach einer Lackierung (Unfallschaden) sollte der Lack ca. 2-4 Wochen ausd\u00fcnsten. Danach kann das Fahrzeug wieder ganz normal foliert werden.<\/p>\n<p>H\u00e4lt man die Abluftzeit des Lackes nicht ein, kann es beim Entfernen der Folie zur Abl\u00f6sung vom Klarlack kommen. Die Folge w\u00e4re dann, eine erneute Lackierung der Bauteile.<\/p>\n<p>Smart Repair Lackierungen sind ebenfalls davon betroffen.<\/p>\n<\/div><\/div>\n","protected":false},"excerpt":{"rendered":"<p>Schon kleine Details reichen, um aus einem Serienmodell ein anspruchsvolles Designobjekt zu machen. Verpassen Sie Ihrem Fahrzeug mit einer Teilverklebung das gewisse Etwas. Sie k\u00f6nnen zum Beispiel einen Two-Tone-Look durch die Erg\u00e4nzung einer zweiten Farbe erreichen. Auch andere Teile Ihres Autos lassen sich mit einer Teilfolierung attraktiv hervorheben, zum Beispiel das Dach, der Tankdeckel, die [&hellip;]<\/p>\n","protected":false},"author":3,"featured_media":2917,"parent":2566,"menu_order":4,"comment_status":"closed","ping_status":"closed","template":"g1_template_page_nav_left.php","meta":{"footnotes":""},"_links":{"self":[{"href":"https:\/\/www.oda.co.at\/home\/wp-json\/wp\/v2\/pages\/2577"}],"collection":[{"href":"https:\/\/www.oda.co.at\/home\/wp-json\/wp\/v2\/pages"}],"about":[{"href":"https:\/\/www.oda.co.at\/home\/wp-json\/wp\/v2\/types\/page"}],"author":[{"embeddable":true,"href":"https:\/\/www.oda.co.at\/home\/wp-json\/wp\/v2\/users\/3"}],"replies":[{"embeddable":true,"href":"https:\/\/www.oda.co.at\/home\/wp-json\/wp\/v2\/comments?post=2577"}],"version-history":[{"count":10,"href":"https:\/\/www.oda.co.at\/home\/wp-json\/wp\/v2\/pages\/2577\/revisions"}],"predecessor-version":[{"id":3618,"href":"https:\/\/www.oda.co.at\/home\/wp-json\/wp\/v2\/pages\/2577\/revisions\/3618"}],"up":[{"embeddable":true,"href":"https:\/\/www.oda.co.at\/home\/wp-json\/wp\/v2\/pages\/2566"}],"wp:featuredmedia":[{"embeddable":true,"href":"https:\/\/www.oda.co.at\/home\/wp-json\/wp\/v2\/media\/2917"}],"wp:attachment":[{"href":"https:\/\/www.oda.co.at\/home\/wp-json\/wp\/v2\/media?parent=2577"}],"curies":[{"name":"wp","href":"https:\/\/api.w.org\/{rel}","templated":true}]}}