{"id":2723,"date":"2014-10-31T14:59:10","date_gmt":"2014-10-31T13:59:10","guid":{"rendered":"http:\/\/www.oda.co.at\/home\/?page_id=2723"},"modified":"2022-01-12T16:34:15","modified_gmt":"2022-01-12T15:34:15","slug":"beschriftung","status":"publish","type":"page","link":"https:\/\/www.oda.co.at\/home\/folientechnik\/beschriftung\/","title":{"rendered":"Beschriftung"},"content":{"rendered":"<p>Als Klebetext oder bedruckte Folien, in jeder Gr\u00f6\u00dfe, Form und St\u00fcckanzahl f\u00fcr kurz- oder langfristigen Einsatz erh\u00e4ltlich.<\/p>\n<p>Vielseitige Gestaltungsm\u00f6glichkeiten Ihrer Werbeauftritte durch verschiedenste Folienfarben und auch Digitaldruck.<\/p>\n<ul class=\"g1-grid\"><li class=\"g1-column g1-one-third g1-valign-top\" data-g1-delay=\"on\">\n<style type=\"text\/css\" scoped=\"scoped\">#numbers-counter-1 .g1-numbers__title { color:#fb4000; }#numbers-counter-1 .g1-numbers__description { color:#fb4000; }<\/style><div id=\"numbers-counter-1\" class=\"g1-numbers g1-numbers--medium  g1-numbers--noicon\" data-g1-start=\"1\" data-g1-stop=\"10\"><div class=\"g1-numbers__title\">bis zu <span>10<\/span><\/div><div class=\"g1-numbers__description\">\n<p>Jahre Haltbarkeit<\/p>\n<\/div><\/div>\n<\/li><!-- -->\n<li class=\"g1-column g1-one-third g1-valign-top\" data-g1-delay=\"on\">\n<style type=\"text\/css\" scoped=\"scoped\">#numbers-counter-2 .g1-numbers__title { color:#fb4000; }#numbers-counter-2 .g1-numbers__description { color:#fb4000; }<\/style><div id=\"numbers-counter-2\" class=\"g1-numbers g1-numbers--medium  g1-numbers--noicon\" data-g1-start=\"0\" data-g1-stop=\"3800\"><div class=\"g1-numbers__title\">&gt;<span>3800<\/span><\/div><div class=\"g1-numbers__description\">\n<p>Beschriftungen<\/p>\n<\/div><\/div>\n<\/li><!-- -->\n<li class=\"g1-column g1-one-third g1-valign-top\" data-g1-delay=\"on\">\n<style type=\"text\/css\" scoped=\"scoped\">#numbers-counter-3 .g1-numbers__title { color:#fb4000; }#numbers-counter-3 .g1-numbers__description { color:#fb4000; }<\/style><div id=\"numbers-counter-3\" class=\"g1-numbers g1-numbers--medium  g1-numbers--noicon\" data-g1-start=\"0\" data-g1-stop=\"100\"><div class=\"g1-numbers__title\"><span>100<\/span>%<\/div><div class=\"g1-numbers__description\">\n<p>Qualit\u00e4tsfolien<\/p>\n<\/div><\/div>\n<\/li><!-- --><\/ul>\n<p><img loading=\"lazy\" decoding=\"async\" class=\"size-full wp-image-2609 alignright\" src=\"http:\/\/www.oda.co.at\/home\/wp-content\/uploads\/2014\/10\/marken.png\" alt=\"marken\" width=\"359\" height=\"25\" srcset=\"https:\/\/www.oda.co.at\/home\/wp-content\/uploads\/2014\/10\/marken.png 359w, https:\/\/www.oda.co.at\/home\/wp-content\/uploads\/2014\/10\/marken-256x17.png 256w, https:\/\/www.oda.co.at\/home\/wp-content\/uploads\/2014\/10\/marken-320x22.png 320w, https:\/\/www.oda.co.at\/home\/wp-content\/uploads\/2014\/10\/marken-239x16.png 239w\" sizes=\"(max-width: 359px) 100vw, 359px\" \/><\/p>\n","protected":false},"excerpt":{"rendered":"<p>Als Klebetext oder bedruckte Folien, in jeder Gr\u00f6\u00dfe, Form und St\u00fcckanzahl f\u00fcr kurz- oder langfristigen Einsatz erh\u00e4ltlich. Vielseitige Gestaltungsm\u00f6glichkeiten Ihrer Werbeauftritte durch verschiedenste Folienfarben und auch Digitaldruck.<\/p>\n","protected":false},"author":3,"featured_media":2741,"parent":2566,"menu_order":5,"comment_status":"closed","ping_status":"closed","template":"g1_template_page_nav_left.php","meta":{"footnotes":""},"_links":{"self":[{"href":"https:\/\/www.oda.co.at\/home\/wp-json\/wp\/v2\/pages\/2723"}],"collection":[{"href":"https:\/\/www.oda.co.at\/home\/wp-json\/wp\/v2\/pages"}],"about":[{"href":"https:\/\/www.oda.co.at\/home\/wp-json\/wp\/v2\/types\/page"}],"author":[{"embeddable":true,"href":"https:\/\/www.oda.co.at\/home\/wp-json\/wp\/v2\/users\/3"}],"replies":[{"embeddable":true,"href":"https:\/\/www.oda.co.at\/home\/wp-json\/wp\/v2\/comments?post=2723"}],"version-history":[{"count":8,"href":"https:\/\/www.oda.co.at\/home\/wp-json\/wp\/v2\/pages\/2723\/revisions"}],"predecessor-version":[{"id":3619,"href":"https:\/\/www.oda.co.at\/home\/wp-json\/wp\/v2\/pages\/2723\/revisions\/3619"}],"up":[{"embeddable":true,"href":"https:\/\/www.oda.co.at\/home\/wp-json\/wp\/v2\/pages\/2566"}],"wp:featuredmedia":[{"embeddable":true,"href":"https:\/\/www.oda.co.at\/home\/wp-json\/wp\/v2\/media\/2741"}],"wp:attachment":[{"href":"https:\/\/www.oda.co.at\/home\/wp-json\/wp\/v2\/media?parent=2723"}],"curies":[{"name":"wp","href":"https:\/\/api.w.org\/{rel}","templated":true}]}}